{"id":18411,"date":"2025-04-03T20:12:10","date_gmt":"2025-04-03T20:12:10","guid":{"rendered":"https:\/\/www.radiochirurgiezapx-lariboisiere.com\/professionals\/"},"modified":"2025-09-12T20:00:46","modified_gmt":"2025-09-12T20:00:46","slug":"professionals","status":"publish","type":"page","link":"https:\/\/www.radiochirurgiezapx-lariboisiere.com\/en\/professionals\/","title":{"rendered":"Professionals"},"content":{"rendered":"\t\t<div data-elementor-type=\"wp-page\" data-elementor-id=\"18411\" class=\"elementor elementor-18411 elementor-15504\">\n\t\t\t\t\t\t<section class=\"elementor-section elementor-top-section elementor-element elementor-element-20b3bb68 elementor-section-stretched elementor-section-boxed elementor-section-height-default elementor-section-height-default\" data-id=\"20b3bb68\" data-element_type=\"section\" data-e-type=\"section\" data-settings=\"{&quot;stretch_section&quot;:&quot;section-stretched&quot;,&quot;background_background&quot;:&quot;classic&quot;}\">\n\t\t\t\t\t\t<div class=\"elementor-container elementor-column-gap-default\">\n\t\t\t\t\t<div class=\"elementor-column elementor-col-50 elementor-top-column elementor-element elementor-element-21c6fb5b\" data-id=\"21c6fb5b\" data-element_type=\"column\" data-e-type=\"column\" data-settings=\"{&quot;background_background&quot;:&quot;classic&quot;}\">\n\t\t\t<div class=\"elementor-widget-wrap elementor-element-populated\">\n\t\t\t\t\t\t<section class=\"sticky-top pix-sticky-top-adjust elementor-section elementor-inner-section elementor-element elementor-element-5f9c4fb4 elementor-section-boxed elementor-section-height-default elementor-section-height-default\" data-id=\"5f9c4fb4\" data-element_type=\"section\" data-e-type=\"section\">\n\t\t\t\t\t\t<div class=\"elementor-container elementor-column-gap-default\">\n\t\t\t\t\t<div class=\"elementor-column elementor-col-100 elementor-inner-column elementor-element elementor-element-4d3fc0bc\" data-id=\"4d3fc0bc\" data-element_type=\"column\" data-e-type=\"column\" data-settings=\"{&quot;background_background&quot;:&quot;classic&quot;}\">\n\t\t\t<div class=\"elementor-widget-wrap elementor-element-populated\">\n\t\t\t\t\t\t<div class=\"elementor-element elementor-element-4ce9bd44 elementor-widget elementor-widget-pix-feature\" data-id=\"4ce9bd44\" data-element_type=\"widget\" data-e-type=\"widget\" data-widget_type=\"pix-feature.default\">\n\t\t\t\t<div class=\"elementor-widget-container\">\n\t\t\t\t\t<div id=\"pix-feature-4ce9bd44\" class=\"pix-feature-el media \"><div class=\"pix-feature-icon pix-feature-icon-outer mr-3 mw-100 d-flex text-secondary \"   style=\"font-size:1px;width:1px;aspect-ratio:1\/1 !important;position:relative;line-height:1px;text-align:center;\"><svg class=\"pixfort-icon \" width=\"24\" height=\"24\"  data-name=\"Line\/pixfort-icon-puzzle-1\" viewBox=\"2 2 20 20\"><path fill=\"none\" stroke=\"var(--pf-icon-color)\" stroke-linecap=\"round\" stroke-linejoin=\"round\" stroke-width=\"var(--pf-icon-stroke-width)\" d=\"M12,3 C13.6568542,3 15,4.34314575 15,6 C15,6.76878037 14.7108261,7.47002056 14.2353163,8.00088251 L17.8,8 C18.4627417,8 19,8.53725832 19,9.20000005 L19.0009713,12.5005469 C18.5829748,12.1862608 18.0632392,12 17.5,12 C16.1192881,12 15,13.1192881 15,14.5 C15,15.8807119 16.1192881,17 17.5,17 C18.0632392,17 18.5829748,16.8137392 19.0009713,16.4994531 L19,19.8 C19,20.4627417 18.4627417,21 17.8,21 L6.20000005,21 C5.53725832,21 5,20.4627417 5,19.8 L5,9.20000005 C5,8.53725832 5.53725832,8 6.20000005,8 L9.76468368,8.00088251 C9.28917391,7.47002056 9,6.76878037 9,6 C9,4.34314575 10.3431458,3 12,3 Z\"\/><\/svg><\/div><div class=\"media-body text-custom\"><h6 class=\"pix-feature-title font-weight-bold   text-heading-default  \" style=\"padding-top:8px;\"  >Une activit\u00e9 multidisciplinaire<\/h6><div class=\"pix-feature-content text-body-default      \" style=\"padding-top:10px;\"  ><\/div><\/div><\/div>\t\t\t\t<\/div>\n\t\t\t\t<\/div>\n\t\t\t\t<div class=\"elementor-element elementor-element-52877ad7 elementor-widget elementor-widget-pix-highlighted-text\" data-id=\"52877ad7\" data-element_type=\"widget\" data-e-type=\"widget\" data-widget_type=\"pix-highlighted-text.default\">\n\t\t\t\t<div class=\"elementor-widget-container\">\n\t\t\t\t\t<div id=\"el-52877ad7\" class=\"pix-highlighted-element text-left \"><h3 class=\"pix-highlighted-items \" style=\"\" data-anim-type=\"\" data-anim-delay=\"\"><span id=\"el-52877ad7-0\"  class=\" elementor-repeater-item-482f712\"><span   class=\"pix-highlighted-text  pix-highlight-item font-weight-normal  font-weight-bold heading-font text-primary\">Coop\u00e9ration m\u00e9dicale<\/span><\/span><\/h3><\/div>\t\t\t\t<\/div>\n\t\t\t\t<\/div>\n\t\t\t\t<div class=\"elementor-element elementor-element-51593185 elementor-widget elementor-widget-pix-text\" data-id=\"51593185\" data-element_type=\"widget\" data-e-type=\"widget\" data-widget_type=\"pix-text.default\">\n\t\t\t\t<div class=\"elementor-widget-container\">\n\t\t\t\t\t<div class=\"pix-el-text w-100 text-left \" ><p class=\"text-20 resp-option text-body-default text-left \" >Au sein du Centre de Radiochirurgie Paris Nord, situ\u00e9 \u00e0 l\u2019h\u00f4pital Lariboisi\u00e8re, le ZAP-X\u00ae  b\u00e9n\u00e9ficiera de l\u2019expertise d\u2019\u00e9quipes renomm\u00e9es de l\u2019AP-HP. Il s\u2019appuiera notamment sur les services de neurochirurgie des h\u00f4pitaux Lariboisi\u00e8re et Beaujon, ainsi que sur la radioth\u00e9rapie de l\u2019h\u00f4pital Saint-Louis. Il sera \u00e9galement soutenu par l\u2019Institut de Radioth\u00e9rapie et de Radiochirurgie H. Hartmann, un \u00e9tablissement du groupe ELSAN, premier acteur priv\u00e9 en radioth\u00e9rapie. Son acquisition vient renforcer l\u2019offre de soins et les outils th\u00e9rapeutiques disponibles pour les patients.<\/p><\/div>\t\t\t\t<\/div>\n\t\t\t\t<\/div>\n\t\t\t\t\t<\/div>\n\t\t<\/div>\n\t\t\t\t\t<\/div>\n\t\t<\/section>\n\t\t\t\t\t<\/div>\n\t\t<\/div>\n\t\t\t\t<div class=\"elementor-column elementor-col-50 elementor-top-column elementor-element elementor-element-2c50e65a\" data-id=\"2c50e65a\" data-element_type=\"column\" data-e-type=\"column\">\n\t\t\t<div class=\"elementor-widget-wrap elementor-element-populated\">\n\t\t\t\t\t\t<div class=\"elementor-element elementor-element-20a1f38d elementor-widget elementor-widget-pix-promo-box\" data-id=\"20a1f38d\" data-element_type=\"widget\" data-e-type=\"widget\" data-widget_type=\"pix-promo-box.default\">\n\t\t\t\t<div class=\"elementor-widget-container\">\n\t\t\t\t\t<div class=\"pix-promo-box card w-100 bg-heading-default  pix-hover-item rounded-10 position-relative overflow-hidden text-white    text-left w-100 d-block\"  ><img decoding=\"async\" src=\"https:\/\/www.radiochirurgiezapx-lariboisiere.com\/wp-content\/uploads\/2025\/04\/Zapx-radiochirurgie-salle-home.jpg\" class=\"card-img pix-bg-image pix-img-scale h-100 rounded-10 pix-opacity-6 pix-hover-opacity-4\" alt=\"La Technologie Zap-X\"><a href=\"\/professionnels\/zap-x\/\"  class=\"d-inline-block w-100 pix-img-overlay pix-p-20 d-flex align-items-end\" style=\"min-height:200px;\"><div class=\"w-100\"><h3 class=\"card-title font-weight-bold secondary-font text-white pix-my-10\" style=\"\">La Technologie Zap-X<\/h3><span class=\"pix-promo-box-link d-flex align-items-center font-weight-bold text-light-opacity-6 \" ><span>Pr\u00e9sentation de l'\u00e9quipement \u00e0 Lariboisi\u00e8re<\/span><svg class=\"pixfort-icon pix-hover-right pix-hover-item pix-ml-5\" width=\"24\" height=\"24\"  data-name=\"Line\/pixfort-icon-arrow-right-2\" viewBox=\"2 2 20 20\"><polyline fill=\"none\" stroke=\"var(--pf-icon-color)\" stroke-linecap=\"round\" stroke-linejoin=\"round\" stroke-width=\"var(--pf-icon-stroke-width)\" points=\"9.5 17 14.5 12 9.5 7\"\/><\/svg><\/span><\/div><\/a><\/div>\t\t\t\t<\/div>\n\t\t\t\t<\/div>\n\t\t\t\t<div class=\"elementor-element elementor-element-397edd40 elementor-widget elementor-widget-pix-promo-box\" data-id=\"397edd40\" data-element_type=\"widget\" data-e-type=\"widget\" data-widget_type=\"pix-promo-box.default\">\n\t\t\t\t<div class=\"elementor-widget-container\">\n\t\t\t\t\t<div class=\"pix-promo-box card w-100 bg-heading-default  pix-hover-item rounded-10 position-relative overflow-hidden text-white    text-left w-100 d-block\"  ><img decoding=\"async\" src=\"https:\/\/www.radiochirurgiezapx-lariboisiere.com\/wp-content\/uploads\/2025\/04\/collaboration-medicale.avif\" class=\"card-img pix-bg-image pix-img-scale h-100 rounded-10 pix-opacity-6 pix-hover-opacity-4\" alt=\"Collaboration interdisciplinaire\"><a href=\"\/collaboration-interdisciplinaire\/\"  class=\"d-inline-block w-100 pix-img-overlay pix-p-20 d-flex align-items-end\" style=\"min-height:200px;\"><div class=\"w-100\"><h3 class=\"card-title font-weight-bold secondary-font text-white pix-my-10\" style=\"\">Collaboration interdisciplinaire<\/h3><span class=\"pix-promo-box-link d-flex align-items-center font-weight-bold text-light-opacity-6 \" ><span> Lien inter- \u00e9tablissements public-priv\u00e9<\/span><svg class=\"pixfort-icon pix-hover-right pix-hover-item pix-ml-5\" width=\"24\" height=\"24\"  data-name=\"Line\/pixfort-icon-arrow-right-2\" viewBox=\"2 2 20 20\"><polyline fill=\"none\" stroke=\"var(--pf-icon-color)\" stroke-linecap=\"round\" stroke-linejoin=\"round\" stroke-width=\"var(--pf-icon-stroke-width)\" points=\"9.5 17 14.5 12 9.5 7\"\/><\/svg><\/span><\/div><\/a><\/div>\t\t\t\t<\/div>\n\t\t\t\t<\/div>\n\t\t\t\t<div class=\"elementor-element elementor-element-7f5405c9 elementor-widget elementor-widget-pix-promo-box\" data-id=\"7f5405c9\" data-element_type=\"widget\" data-e-type=\"widget\" data-widget_type=\"pix-promo-box.default\">\n\t\t\t\t<div class=\"elementor-widget-container\">\n\t\t\t\t\t<div class=\"pix-promo-box card w-100 bg-heading-default  pix-hover-item rounded-10 position-relative overflow-hidden text-white    text-left w-100 d-block\"  ><img decoding=\"async\" src=\"https:\/\/www.radiochirurgiezapx-lariboisiere.com\/wp-content\/uploads\/2025\/04\/priseencharge-zapxlariboisiere.jpg\" class=\"card-img pix-bg-image pix-img-scale h-100 rounded-10 pix-opacity-6 pix-hover-opacity-4\" alt=\"Protocle de prise en charge\"><a href=\"\/professionnels\/protocole\/\"  class=\"d-inline-block w-100 pix-img-overlay pix-p-20 d-flex align-items-end\" style=\"min-height:200px;\"><div class=\"w-100\"><h3 class=\"card-title font-weight-bold secondary-font text-white pix-my-10\" style=\"\">Protocle de prise en charge<\/h3><span class=\"pix-promo-box-link d-flex align-items-center font-weight-bold text-light-opacity-6 \" ><span> Indications et cas cliniques<\/span><svg class=\"pixfort-icon pix-hover-right pix-hover-item pix-ml-5\" width=\"24\" height=\"24\"  data-name=\"Line\/pixfort-icon-arrow-right-2\" viewBox=\"2 2 20 20\"><polyline fill=\"none\" stroke=\"var(--pf-icon-color)\" stroke-linecap=\"round\" stroke-linejoin=\"round\" stroke-width=\"var(--pf-icon-stroke-width)\" points=\"9.5 17 14.5 12 9.5 7\"\/><\/svg><\/span><\/div><\/a><\/div>\t\t\t\t<\/div>\n\t\t\t\t<\/div>\n\t\t\t\t<div class=\"elementor-element elementor-element-5479674 elementor-widget elementor-widget-pix-promo-box\" data-id=\"5479674\" data-element_type=\"widget\" data-e-type=\"widget\" data-widget_type=\"pix-promo-box.default\">\n\t\t\t\t<div class=\"elementor-widget-container\">\n\t\t\t\t\t<div class=\"pix-promo-box card w-100 bg-heading-default  pix-hover-item rounded-10 position-relative overflow-hidden text-white    text-left w-100 d-block\"  ><img decoding=\"async\" src=\"https:\/\/www.radiochirurgiezapx-lariboisiere.com\/wp-content\/uploads\/2025\/04\/scanner-etude-formation.jpg\" class=\"card-img pix-bg-image pix-img-scale h-100 rounded-10 pix-opacity-6 pix-hover-opacity-4\" alt=\"Formations & Ressources\"><a href=\"\/professionnels\/formations\/\"  class=\"d-inline-block w-100 pix-img-overlay pix-p-20 d-flex align-items-end\" style=\"min-height:200px;\"><div class=\"w-100\"><h3 class=\"card-title font-weight-bold secondary-font text-white pix-my-10\" style=\"\">Formations & Ressources<\/h3><span class=\"pix-promo-box-link d-flex align-items-center font-weight-bold text-light-opacity-6 \" ><span>Enseignements<\/span><svg class=\"pixfort-icon pix-hover-right pix-hover-item pix-ml-5\" width=\"24\" height=\"24\"  data-name=\"Line\/pixfort-icon-arrow-right-2\" viewBox=\"2 2 20 20\"><polyline fill=\"none\" stroke=\"var(--pf-icon-color)\" stroke-linecap=\"round\" stroke-linejoin=\"round\" stroke-width=\"var(--pf-icon-stroke-width)\" points=\"9.5 17 14.5 12 9.5 7\"\/><\/svg><\/span><\/div><\/a><\/div>\t\t\t\t<\/div>\n\t\t\t\t<\/div>\n\t\t\t\t\t<\/div>\n\t\t<\/div>\n\t\t\t\t\t<\/div>\n\t\t<\/section>\n\t\t\t\t<\/div>\n\t\t","protected":false},"excerpt":{"rendered":"<p>Une activit\u00e9 multidisciplinaire Coop\u00e9ration m\u00e9dicale Au sein du Centre de Radiochirurgie Paris Nord, situ\u00e9 \u00e0 l\u2019h\u00f4pital Lariboisi\u00e8re, le ZAP-X\u00ae b\u00e9n\u00e9ficiera de l\u2019expertise d\u2019\u00e9quipes renomm\u00e9es de l\u2019AP-HP. Il s\u2019appuiera notamment sur les services de neurochirurgie des h\u00f4pitaux Lariboisi\u00e8re et Beaujon, ainsi&#8230;<\/p>\n","protected":false},"author":1,"featured_media":0,"parent":0,"menu_order":0,"comment_status":"closed","ping_status":"closed","template":"","meta":{"footnotes":""},"class_list":["post-18411","page","type-page","status-publish","hentry"],"_links":{"self":[{"href":"https:\/\/www.radiochirurgiezapx-lariboisiere.com\/en\/wp-json\/wp\/v2\/pages\/18411","targetHints":{"allow":["GET"]}}],"collection":[{"href":"https:\/\/www.radiochirurgiezapx-lariboisiere.com\/en\/wp-json\/wp\/v2\/pages"}],"about":[{"href":"https:\/\/www.radiochirurgiezapx-lariboisiere.com\/en\/wp-json\/wp\/v2\/types\/page"}],"author":[{"embeddable":true,"href":"https:\/\/www.radiochirurgiezapx-lariboisiere.com\/en\/wp-json\/wp\/v2\/users\/1"}],"replies":[{"embeddable":true,"href":"https:\/\/www.radiochirurgiezapx-lariboisiere.com\/en\/wp-json\/wp\/v2\/comments?post=18411"}],"version-history":[{"count":6,"href":"https:\/\/www.radiochirurgiezapx-lariboisiere.com\/en\/wp-json\/wp\/v2\/pages\/18411\/revisions"}],"predecessor-version":[{"id":18583,"href":"https:\/\/www.radiochirurgiezapx-lariboisiere.com\/en\/wp-json\/wp\/v2\/pages\/18411\/revisions\/18583"}],"wp:attachment":[{"href":"https:\/\/www.radiochirurgiezapx-lariboisiere.com\/en\/wp-json\/wp\/v2\/media?parent=18411"}],"curies":[{"name":"wp","href":"https:\/\/api.w.org\/{rel}","templated":true}]}}